{"id":1976,"date":"2024-03-03T20:49:43","date_gmt":"2024-03-03T19:49:43","guid":{"rendered":"https:\/\/fr.custplace.com\/business\/?page_id=1976"},"modified":"2026-01-20T11:29:06","modified_gmt":"2026-01-20T10:29:06","slug":"temoignages-clients","status":"publish","type":"page","link":"https:\/\/fr.custplace.com\/business\/temoignages-clients\/","title":{"rendered":"T\u00e9moignages clients"},"content":{"rendered":"\n<h2 class=\"wp-block-heading\">Ils nous font confiance&nbsp;!<\/h2>\n\n\n\n<p>Les plus grandes entreprises utilisent Custplace pour collecter les avis clients et les transformer en Chiffre d&rsquo;Affaires. D\u00e9couvrez comment nos clients obtiennent des r\u00e9sultats concrets et mesurables.<\/p>\n\n\n\n<p><a href=\"https:\/\/fr.custplace.com\/business\/habitat-renovation\/\">Habitat et R\u00e9novation<\/a><\/p>\n\n\n\n<p>Comment KparK augmente de 40% ses demandes de rendez-vous clients<\/p>\n\n\n\n<p><a href=\"https:\/\/fr.custplace.com\/business\/cas-client\/kpark\/\">D\u00e9couvrir l&rsquo;\u00e9tude de cas<\/a><\/p>\n","protected":false},"excerpt":{"rendered":"<p>Ils nous font confiance&nbsp;! Les plus grandes entreprises utilisent Custplace pour collecter les avis clients et les transformer en Chiffre d&rsquo;Affaires. D\u00e9couvrez comment nos clients obtiennent des r\u00e9sultats concrets et mesurables. Habitat et R\u00e9novation Comment KparK augmente de 40% ses demandes de rendez-vous clients D\u00e9couvrir l&rsquo;\u00e9tude de cas<\/p>\n","protected":false},"author":6,"featured_media":6802,"parent":0,"menu_order":0,"comment_status":"closed","ping_status":"closed","template":"","meta":{"_acf_changed":false,"inline_featured_image":false,"footnotes":""},"class_list":["post-1976","page","type-page","status-publish","has-post-thumbnail","hentry"],"acf":[],"yoast_head":"<!-- This site is optimized with the Yoast SEO plugin v27.1.1 - https:\/\/yoast.com\/product\/yoast-seo-wordpress\/ -->\n<title>T\u00e9moignages clients<\/title>\n<meta name=\"description\" content=\"D\u00e9couvrez comment les grandes entreprises boostent leur chiffre d&#039;affaires avec Custplace en transformant les avis clients en r\u00e9sultats concrets et mesurables.\" \/>\n<meta name=\"robots\" content=\"index, follow, max-snippet:-1, max-image-preview:large, max-video-preview:-1\" \/>\n<link rel=\"canonical\" href=\"https:\/\/fr.custplace.com\/business\/temoignages-clients\/\" \/>\n<meta property=\"og:locale\" content=\"fr_FR\" \/>\n<meta property=\"og:type\" content=\"article\" \/>\n<meta property=\"og:title\" content=\"T\u00e9moignages clients\" \/>\n<meta property=\"og:description\" content=\"D\u00e9couvrez comment les grandes entreprises boostent leur chiffre d&#039;affaires avec Custplace en transformant les avis clients en r\u00e9sultats concrets et mesurables.\" \/>\n<meta property=\"og:url\" content=\"https:\/\/fr.custplace.com\/business\/temoignages-clients\/\" \/>\n<meta property=\"og:site_name\" content=\"Custplace\" \/>\n<meta property=\"article:publisher\" content=\"https:\/\/www.facebook.com\/custplace\" \/>\n<meta property=\"article:modified_time\" content=\"2026-01-20T10:29:06+00:00\" \/>\n<meta property=\"og:image\" content=\"https:\/\/fr.custplace.com\/business\/wp-content\/uploads\/2025\/08\/avis-clients-scaled-1.jpg\" \/>\n\t<meta property=\"og:image:width\" content=\"2560\" \/>\n\t<meta property=\"og:image:height\" content=\"1440\" \/>\n\t<meta property=\"og:image:type\" content=\"image\/jpeg\" \/>\n<meta name=\"twitter:card\" content=\"summary_large_image\" \/>\n<meta name=\"twitter:site\" content=\"@custplace\" \/>\n<meta name=\"twitter:label1\" content=\"Dur\u00e9e de lecture estim\u00e9e\" \/>\n\t<meta name=\"twitter:data1\" content=\"1 minute\" \/>\n<script type=\"application\/ld+json\" class=\"yoast-schema-graph\">{\"@context\":\"https:\/\/schema.org\",\"@graph\":[{\"@type\":\"WebPage\",\"@id\":\"https:\/\/fr.custplace.com\/business\/temoignages-clients\/\",\"url\":\"https:\/\/fr.custplace.com\/business\/temoignages-clients\/\",\"name\":\"T\u00e9moignages clients\",\"isPartOf\":{\"@id\":\"https:\/\/fr.custplace.com\/business\/#website\"},\"primaryImageOfPage\":{\"@id\":\"https:\/\/fr.custplace.com\/business\/temoignages-clients\/#primaryimage\"},\"image\":{\"@id\":\"https:\/\/fr.custplace.com\/business\/temoignages-clients\/#primaryimage\"},\"thumbnailUrl\":\"https:\/\/fr.custplace.com\/business\/wp-content\/uploads\/2025\/08\/avis-clients-scaled-1.jpg\",\"datePublished\":\"2024-03-03T19:49:43+00:00\",\"dateModified\":\"2026-01-20T10:29:06+00:00\",\"description\":\"D\u00e9couvrez comment les grandes entreprises boostent leur chiffre d'affaires avec Custplace en transformant les avis clients en r\u00e9sultats concrets et mesurables.\",\"breadcrumb\":{\"@id\":\"https:\/\/fr.custplace.com\/business\/temoignages-clients\/#breadcrumb\"},\"inLanguage\":\"fr-FR\",\"potentialAction\":[{\"@type\":\"ReadAction\",\"target\":[\"https:\/\/fr.custplace.com\/business\/temoignages-clients\/\"]}]},{\"@type\":\"ImageObject\",\"inLanguage\":\"fr-FR\",\"@id\":\"https:\/\/fr.custplace.com\/business\/temoignages-clients\/#primaryimage\",\"url\":\"https:\/\/fr.custplace.com\/business\/wp-content\/uploads\/2025\/08\/avis-clients-scaled-1.jpg\",\"contentUrl\":\"https:\/\/fr.custplace.com\/business\/wp-content\/uploads\/2025\/08\/avis-clients-scaled-1.jpg\",\"width\":2560,\"height\":1440},{\"@type\":\"BreadcrumbList\",\"@id\":\"https:\/\/fr.custplace.com\/business\/temoignages-clients\/#breadcrumb\",\"itemListElement\":[{\"@type\":\"ListItem\",\"position\":1,\"name\":\"Avis clients\",\"item\":\"https:\/\/fr.custplace.com\/\"},{\"@type\":\"ListItem\",\"position\":2,\"name\":\"T\u00e9moignages clients\"}]},{\"@type\":\"WebSite\",\"@id\":\"https:\/\/fr.custplace.com\/#website\",\"url\":\"https:\/\/fr.custplace.com\/\",\"name\":\"Custplace\",\"description\":\"Votre plateforme de r\u00e9putation et de marketing local Tout-en-un\",\"publisher\":{\"@id\":\"https:\/\/fr.custplace.com\/#organization\"},\"potentialAction\":[{\"@type\":\"SearchAction\",\"target\":{\"@type\":\"EntryPoint\",\"urlTemplate\":\"https:\/\/fr.custplace.com\/business\/?s={search_term_string}\"},\"query-input\":{\"@type\":\"PropertyValueSpecification\",\"valueRequired\":true,\"valueName\":\"search_term_string\"}}],\"inLanguage\":\"fr-FR\"},{\"@type\":\"Organization\",\"@id\":\"https:\/\/fr.custplace.com\/#organization\",\"name\":\"Custplace\",\"alternateName\":\"Plateforme de r\u00e9putation et de marketing local Tout-en-un\",\"url\":\"https:\/\/fr.custplace.com\/\",\"logo\":{\"@type\":\"ImageObject\",\"inLanguage\":\"fr-FR\",\"@id\":\"https:\/\/fr.custplace.com\/business\/#\/schema\/logo\/image\/\",\"url\":\"https:\/\/fr.custplace.com\/business\/wp-content\/uploads\/2025\/01\/logo-custplace.png\",\"contentUrl\":\"https:\/\/fr.custplace.com\/business\/wp-content\/uploads\/2025\/01\/logo-custplace.png\",\"width\":600,\"height\":600,\"caption\":\"Custplace\"},\"image\":{\"@id\":\"https:\/\/fr.custplace.com\/business\/#\/schema\/logo\/image\/\"},\"sameAs\":[\"https:\/\/www.facebook.com\/custplace\",\"https:\/\/x.com\/custplace\",\"https:\/\/www.linkedin.com\/company\/custplace\",\"https:\/\/www.instagram.com\/custplace\",\"https:\/\/www.youtube.com\/@custplace\/\"],\"location\":{\"@type\":\"Place\",\"name\":\"Custplace\",\"address\":{\"@type\":\"PostalAddress\",\"streetAddress\":\"125 Rue du Th\u00e9\u00e2tre\",\"addressLocality\":\"Paris\",\"addressRegion\":\"\u00cele-de-France\",\"postalCode\":\"75015\",\"addressCountry\":\"FR\"},\"geo\":{\"@type\":\"GeoCoordinates\",\"latitude\":\"48.84576\",\"longitude\":\"2.296451\"}}}]}<\/script>\n<!-- \/ Yoast SEO plugin. -->","yoast_head_json":{"title":"T\u00e9moignages clients","description":"D\u00e9couvrez comment les grandes entreprises boostent leur chiffre d'affaires avec Custplace en transformant les avis clients en r\u00e9sultats concrets et mesurables.","robots":{"index":"index","follow":"follow","max-snippet":"max-snippet:-1","max-image-preview":"max-image-preview:large","max-video-preview":"max-video-preview:-1"},"canonical":"https:\/\/fr.custplace.com\/business\/temoignages-clients\/","og_locale":"fr_FR","og_type":"article","og_title":"T\u00e9moignages clients","og_description":"D\u00e9couvrez comment les grandes entreprises boostent leur chiffre d'affaires avec Custplace en transformant les avis clients en r\u00e9sultats concrets et mesurables.","og_url":"https:\/\/fr.custplace.com\/business\/temoignages-clients\/","og_site_name":"Custplace","article_publisher":"https:\/\/www.facebook.com\/custplace","article_modified_time":"2026-01-20T10:29:06+00:00","og_image":[{"width":2560,"height":1440,"url":"https:\/\/fr.custplace.com\/business\/wp-content\/uploads\/2025\/08\/avis-clients-scaled-1.jpg","type":"image\/jpeg"}],"twitter_card":"summary_large_image","twitter_site":"@custplace","twitter_misc":{"Dur\u00e9e de lecture estim\u00e9e":"1 minute"},"schema":{"@context":"https:\/\/schema.org","@graph":[{"@type":"WebPage","@id":"https:\/\/fr.custplace.com\/business\/temoignages-clients\/","url":"https:\/\/fr.custplace.com\/business\/temoignages-clients\/","name":"T\u00e9moignages clients","isPartOf":{"@id":"https:\/\/fr.custplace.com\/business\/#website"},"primaryImageOfPage":{"@id":"https:\/\/fr.custplace.com\/business\/temoignages-clients\/#primaryimage"},"image":{"@id":"https:\/\/fr.custplace.com\/business\/temoignages-clients\/#primaryimage"},"thumbnailUrl":"https:\/\/fr.custplace.com\/business\/wp-content\/uploads\/2025\/08\/avis-clients-scaled-1.jpg","datePublished":"2024-03-03T19:49:43+00:00","dateModified":"2026-01-20T10:29:06+00:00","description":"D\u00e9couvrez comment les grandes entreprises boostent leur chiffre d'affaires avec Custplace en transformant les avis clients en r\u00e9sultats concrets et mesurables.","breadcrumb":{"@id":"https:\/\/fr.custplace.com\/business\/temoignages-clients\/#breadcrumb"},"inLanguage":"fr-FR","potentialAction":[{"@type":"ReadAction","target":["https:\/\/fr.custplace.com\/business\/temoignages-clients\/"]}]},{"@type":"ImageObject","inLanguage":"fr-FR","@id":"https:\/\/fr.custplace.com\/business\/temoignages-clients\/#primaryimage","url":"https:\/\/fr.custplace.com\/business\/wp-content\/uploads\/2025\/08\/avis-clients-scaled-1.jpg","contentUrl":"https:\/\/fr.custplace.com\/business\/wp-content\/uploads\/2025\/08\/avis-clients-scaled-1.jpg","width":2560,"height":1440},{"@type":"BreadcrumbList","@id":"https:\/\/fr.custplace.com\/business\/temoignages-clients\/#breadcrumb","itemListElement":[{"@type":"ListItem","position":1,"name":"Avis clients","item":"https:\/\/fr.custplace.com\/"},{"@type":"ListItem","position":2,"name":"T\u00e9moignages clients"}]},{"@type":"WebSite","@id":"https:\/\/fr.custplace.com\/#website","url":"https:\/\/fr.custplace.com\/","name":"Custplace","description":"Votre plateforme de r\u00e9putation et de marketing local Tout-en-un","publisher":{"@id":"https:\/\/fr.custplace.com\/#organization"},"potentialAction":[{"@type":"SearchAction","target":{"@type":"EntryPoint","urlTemplate":"https:\/\/fr.custplace.com\/business\/?s={search_term_string}"},"query-input":{"@type":"PropertyValueSpecification","valueRequired":true,"valueName":"search_term_string"}}],"inLanguage":"fr-FR"},{"@type":"Organization","@id":"https:\/\/fr.custplace.com\/#organization","name":"Custplace","alternateName":"Plateforme de r\u00e9putation et de marketing local Tout-en-un","url":"https:\/\/fr.custplace.com\/","logo":{"@type":"ImageObject","inLanguage":"fr-FR","@id":"https:\/\/fr.custplace.com\/business\/#\/schema\/logo\/image\/","url":"https:\/\/fr.custplace.com\/business\/wp-content\/uploads\/2025\/01\/logo-custplace.png","contentUrl":"https:\/\/fr.custplace.com\/business\/wp-content\/uploads\/2025\/01\/logo-custplace.png","width":600,"height":600,"caption":"Custplace"},"image":{"@id":"https:\/\/fr.custplace.com\/business\/#\/schema\/logo\/image\/"},"sameAs":["https:\/\/www.facebook.com\/custplace","https:\/\/x.com\/custplace","https:\/\/www.linkedin.com\/company\/custplace","https:\/\/www.instagram.com\/custplace","https:\/\/www.youtube.com\/@custplace\/"],"location":{"@type":"Place","name":"Custplace","address":{"@type":"PostalAddress","streetAddress":"125 Rue du Th\u00e9\u00e2tre","addressLocality":"Paris","addressRegion":"\u00cele-de-France","postalCode":"75015","addressCountry":"FR"},"geo":{"@type":"GeoCoordinates","latitude":"48.84576","longitude":"2.296451"}}}]}},"_links":{"self":[{"href":"https:\/\/be-nl.custplace.com\/business\/wp-json\/wp\/v2\/pages\/1976","targetHints":{"allow":["GET"]}}],"collection":[{"href":"https:\/\/be-nl.custplace.com\/business\/wp-json\/wp\/v2\/pages"}],"about":[{"href":"https:\/\/be-nl.custplace.com\/business\/wp-json\/wp\/v2\/types\/page"}],"author":[{"embeddable":true,"href":"https:\/\/be-nl.custplace.com\/business\/wp-json\/wp\/v2\/users\/6"}],"replies":[{"embeddable":true,"href":"https:\/\/be-nl.custplace.com\/business\/wp-json\/wp\/v2\/comments?post=1976"}],"version-history":[{"count":10,"href":"https:\/\/be-nl.custplace.com\/business\/wp-json\/wp\/v2\/pages\/1976\/revisions"}],"predecessor-version":[{"id":25520,"href":"https:\/\/be-nl.custplace.com\/business\/wp-json\/wp\/v2\/pages\/1976\/revisions\/25520"}],"wp:featuredmedia":[{"embeddable":true,"href":"https:\/\/be-nl.custplace.com\/business\/wp-json\/wp\/v2\/media\/6802"}],"wp:attachment":[{"href":"https:\/\/be-nl.custplace.com\/business\/wp-json\/wp\/v2\/media?parent=1976"}],"curies":[{"name":"wp","href":"https:\/\/api.w.org\/{rel}","templated":true}]}}