{"id":435,"date":"2024-06-24T17:29:05","date_gmt":"2024-06-24T15:29:05","guid":{"rendered":"https:\/\/fr.custplace.com\/business\/?page_id=435"},"modified":"2026-02-12T15:20:28","modified_gmt":"2026-02-12T14:20:28","slug":"presence-management","status":"publish","type":"page","link":"https:\/\/fr.custplace.com\/business\/presence-management\/","title":{"rendered":"Presence Management : gagnez en impact et en visibilit\u00e9 locale"},"content":{"rendered":"","protected":false},"excerpt":{"rendered":"","protected":false},"author":6,"featured_media":23592,"parent":0,"menu_order":0,"comment_status":"closed","ping_status":"closed","template":"","meta":{"_acf_changed":false,"inline_featured_image":false,"footnotes":""},"class_list":["post-435","page","type-page","status-publish","has-post-thumbnail","hentry"],"acf":[],"yoast_head":"<!-- This site is optimized with the Yoast SEO plugin v27.1.1 - https:\/\/yoast.com\/product\/yoast-seo-wordpress\/ -->\n<title>Presence Management : propulsez votre visibilit\u00e9 locale<\/title>\n<meta name=\"description\" content=\"Optimisez votre visibilit\u00e9 locale, suivez vos performances, et augmentez le trafic en magasin gr\u00e2ce \u00e0 une strat\u00e9gie de Presence Management.\" \/>\n<meta name=\"robots\" content=\"index, follow, max-snippet:-1, max-image-preview:large, max-video-preview:-1\" \/>\n<link rel=\"canonical\" href=\"https:\/\/fr.custplace.com\/business\/presence-management\/\" \/>\n<meta property=\"og:locale\" content=\"fr_FR\" \/>\n<meta property=\"og:type\" content=\"article\" \/>\n<meta property=\"og:title\" content=\"Presence Management : propulsez votre visibilit\u00e9 locale\" \/>\n<meta property=\"og:description\" content=\"Optimisez votre visibilit\u00e9 locale, suivez vos performances, et augmentez le trafic en magasin gr\u00e2ce \u00e0 une strat\u00e9gie de Presence Management.\" \/>\n<meta property=\"og:url\" content=\"https:\/\/fr.custplace.com\/business\/presence-management\/\" \/>\n<meta property=\"og:site_name\" content=\"Custplace\" \/>\n<meta property=\"article:publisher\" content=\"https:\/\/www.facebook.com\/custplace\" \/>\n<meta property=\"article:modified_time\" content=\"2026-02-12T14:20:28+00:00\" \/>\n<meta property=\"og:image\" content=\"https:\/\/fr.custplace.com\/business\/wp-content\/uploads\/2025\/10\/strategie-presence-management-seo-local.webp\" \/>\n\t<meta property=\"og:image:width\" content=\"739\" \/>\n\t<meta property=\"og:image:height\" content=\"733\" \/>\n\t<meta property=\"og:image:type\" content=\"image\/webp\" \/>\n<meta name=\"twitter:card\" content=\"summary_large_image\" \/>\n<meta name=\"twitter:site\" content=\"@custplace\" \/>\n<meta name=\"twitter:label1\" content=\"Dur\u00e9e de lecture estim\u00e9e\" \/>\n\t<meta name=\"twitter:data1\" content=\"1 minute\" \/>\n<script type=\"application\/ld+json\" class=\"yoast-schema-graph\">{\"@context\":\"https:\/\/schema.org\",\"@graph\":[{\"@type\":\"WebPage\",\"@id\":\"https:\/\/fr.custplace.com\/business\/presence-management\/\",\"url\":\"https:\/\/fr.custplace.com\/business\/presence-management\/\",\"name\":\"Presence Management : propulsez votre visibilit\u00e9 locale\",\"isPartOf\":{\"@id\":\"https:\/\/fr.custplace.com\/business\/#website\"},\"primaryImageOfPage\":{\"@id\":\"https:\/\/fr.custplace.com\/business\/presence-management\/#primaryimage\"},\"image\":{\"@id\":\"https:\/\/fr.custplace.com\/business\/presence-management\/#primaryimage\"},\"thumbnailUrl\":\"https:\/\/fr.custplace.com\/business\/wp-content\/uploads\/2025\/10\/strategie-presence-management-seo-local.webp\",\"datePublished\":\"2024-06-24T15:29:05+00:00\",\"dateModified\":\"2026-02-12T14:20:28+00:00\",\"description\":\"Optimisez votre visibilit\u00e9 locale, suivez vos performances, et augmentez le trafic en magasin gr\u00e2ce \u00e0 une strat\u00e9gie de Presence Management.\",\"breadcrumb\":{\"@id\":\"https:\/\/fr.custplace.com\/business\/presence-management\/#breadcrumb\"},\"inLanguage\":\"fr-FR\",\"potentialAction\":[{\"@type\":\"ReadAction\",\"target\":[\"https:\/\/fr.custplace.com\/business\/presence-management\/\"]}]},{\"@type\":\"ImageObject\",\"inLanguage\":\"fr-FR\",\"@id\":\"https:\/\/fr.custplace.com\/business\/presence-management\/#primaryimage\",\"url\":\"https:\/\/fr.custplace.com\/business\/wp-content\/uploads\/2025\/10\/strategie-presence-management-seo-local.webp\",\"contentUrl\":\"https:\/\/fr.custplace.com\/business\/wp-content\/uploads\/2025\/10\/strategie-presence-management-seo-local.webp\",\"width\":739,\"height\":733},{\"@type\":\"BreadcrumbList\",\"@id\":\"https:\/\/fr.custplace.com\/business\/presence-management\/#breadcrumb\",\"itemListElement\":[{\"@type\":\"ListItem\",\"position\":1,\"name\":\"Avis clients\",\"item\":\"https:\/\/fr.custplace.com\/\"},{\"@type\":\"ListItem\",\"position\":2,\"name\":\"Presence Management : gagnez en impact et en visibilit\u00e9 locale\"}]},{\"@type\":\"WebSite\",\"@id\":\"https:\/\/fr.custplace.com\/#website\",\"url\":\"https:\/\/fr.custplace.com\/\",\"name\":\"Custplace\",\"description\":\"Votre plateforme de r\u00e9putation et de marketing local Tout-en-un\",\"publisher\":{\"@id\":\"https:\/\/fr.custplace.com\/#organization\"},\"potentialAction\":[{\"@type\":\"SearchAction\",\"target\":{\"@type\":\"EntryPoint\",\"urlTemplate\":\"https:\/\/fr.custplace.com\/business\/?s={search_term_string}\"},\"query-input\":{\"@type\":\"PropertyValueSpecification\",\"valueRequired\":true,\"valueName\":\"search_term_string\"}}],\"inLanguage\":\"fr-FR\"},{\"@type\":\"Organization\",\"@id\":\"https:\/\/fr.custplace.com\/#organization\",\"name\":\"Custplace\",\"alternateName\":\"Plateforme de r\u00e9putation et de marketing local Tout-en-un\",\"url\":\"https:\/\/fr.custplace.com\/\",\"logo\":{\"@type\":\"ImageObject\",\"inLanguage\":\"fr-FR\",\"@id\":\"https:\/\/fr.custplace.com\/business\/#\/schema\/logo\/image\/\",\"url\":\"https:\/\/fr.custplace.com\/business\/wp-content\/uploads\/2025\/01\/logo-custplace.png\",\"contentUrl\":\"https:\/\/fr.custplace.com\/business\/wp-content\/uploads\/2025\/01\/logo-custplace.png\",\"width\":600,\"height\":600,\"caption\":\"Custplace\"},\"image\":{\"@id\":\"https:\/\/fr.custplace.com\/business\/#\/schema\/logo\/image\/\"},\"sameAs\":[\"https:\/\/www.facebook.com\/custplace\",\"https:\/\/x.com\/custplace\",\"https:\/\/www.linkedin.com\/company\/custplace\",\"https:\/\/www.instagram.com\/custplace\",\"https:\/\/www.youtube.com\/@custplace\/\"],\"location\":{\"@type\":\"Place\",\"name\":\"Custplace\",\"address\":{\"@type\":\"PostalAddress\",\"streetAddress\":\"125 Rue du Th\u00e9\u00e2tre\",\"addressLocality\":\"Paris\",\"addressRegion\":\"\u00cele-de-France\",\"postalCode\":\"75015\",\"addressCountry\":\"FR\"},\"geo\":{\"@type\":\"GeoCoordinates\",\"latitude\":\"48.84576\",\"longitude\":\"2.296451\"}}}]}<\/script>\n<!-- \/ Yoast SEO plugin. -->","yoast_head_json":{"title":"Presence Management : propulsez votre visibilit\u00e9 locale","description":"Optimisez votre visibilit\u00e9 locale, suivez vos performances, et augmentez le trafic en magasin gr\u00e2ce \u00e0 une strat\u00e9gie de Presence Management.","robots":{"index":"index","follow":"follow","max-snippet":"max-snippet:-1","max-image-preview":"max-image-preview:large","max-video-preview":"max-video-preview:-1"},"canonical":"https:\/\/fr.custplace.com\/business\/presence-management\/","og_locale":"fr_FR","og_type":"article","og_title":"Presence Management : propulsez votre visibilit\u00e9 locale","og_description":"Optimisez votre visibilit\u00e9 locale, suivez vos performances, et augmentez le trafic en magasin gr\u00e2ce \u00e0 une strat\u00e9gie de Presence Management.","og_url":"https:\/\/fr.custplace.com\/business\/presence-management\/","og_site_name":"Custplace","article_publisher":"https:\/\/www.facebook.com\/custplace","article_modified_time":"2026-02-12T14:20:28+00:00","og_image":[{"width":739,"height":733,"url":"https:\/\/fr.custplace.com\/business\/wp-content\/uploads\/2025\/10\/strategie-presence-management-seo-local.webp","type":"image\/webp"}],"twitter_card":"summary_large_image","twitter_site":"@custplace","twitter_misc":{"Dur\u00e9e de lecture estim\u00e9e":"1 minute"},"schema":{"@context":"https:\/\/schema.org","@graph":[{"@type":"WebPage","@id":"https:\/\/fr.custplace.com\/business\/presence-management\/","url":"https:\/\/fr.custplace.com\/business\/presence-management\/","name":"Presence Management : propulsez votre visibilit\u00e9 locale","isPartOf":{"@id":"https:\/\/fr.custplace.com\/business\/#website"},"primaryImageOfPage":{"@id":"https:\/\/fr.custplace.com\/business\/presence-management\/#primaryimage"},"image":{"@id":"https:\/\/fr.custplace.com\/business\/presence-management\/#primaryimage"},"thumbnailUrl":"https:\/\/fr.custplace.com\/business\/wp-content\/uploads\/2025\/10\/strategie-presence-management-seo-local.webp","datePublished":"2024-06-24T15:29:05+00:00","dateModified":"2026-02-12T14:20:28+00:00","description":"Optimisez votre visibilit\u00e9 locale, suivez vos performances, et augmentez le trafic en magasin gr\u00e2ce \u00e0 une strat\u00e9gie de Presence Management.","breadcrumb":{"@id":"https:\/\/fr.custplace.com\/business\/presence-management\/#breadcrumb"},"inLanguage":"fr-FR","potentialAction":[{"@type":"ReadAction","target":["https:\/\/fr.custplace.com\/business\/presence-management\/"]}]},{"@type":"ImageObject","inLanguage":"fr-FR","@id":"https:\/\/fr.custplace.com\/business\/presence-management\/#primaryimage","url":"https:\/\/fr.custplace.com\/business\/wp-content\/uploads\/2025\/10\/strategie-presence-management-seo-local.webp","contentUrl":"https:\/\/fr.custplace.com\/business\/wp-content\/uploads\/2025\/10\/strategie-presence-management-seo-local.webp","width":739,"height":733},{"@type":"BreadcrumbList","@id":"https:\/\/fr.custplace.com\/business\/presence-management\/#breadcrumb","itemListElement":[{"@type":"ListItem","position":1,"name":"Avis clients","item":"https:\/\/fr.custplace.com\/"},{"@type":"ListItem","position":2,"name":"Presence Management : gagnez en impact et en visibilit\u00e9 locale"}]},{"@type":"WebSite","@id":"https:\/\/fr.custplace.com\/#website","url":"https:\/\/fr.custplace.com\/","name":"Custplace","description":"Votre plateforme de r\u00e9putation et de marketing local Tout-en-un","publisher":{"@id":"https:\/\/fr.custplace.com\/#organization"},"potentialAction":[{"@type":"SearchAction","target":{"@type":"EntryPoint","urlTemplate":"https:\/\/fr.custplace.com\/business\/?s={search_term_string}"},"query-input":{"@type":"PropertyValueSpecification","valueRequired":true,"valueName":"search_term_string"}}],"inLanguage":"fr-FR"},{"@type":"Organization","@id":"https:\/\/fr.custplace.com\/#organization","name":"Custplace","alternateName":"Plateforme de r\u00e9putation et de marketing local Tout-en-un","url":"https:\/\/fr.custplace.com\/","logo":{"@type":"ImageObject","inLanguage":"fr-FR","@id":"https:\/\/fr.custplace.com\/business\/#\/schema\/logo\/image\/","url":"https:\/\/fr.custplace.com\/business\/wp-content\/uploads\/2025\/01\/logo-custplace.png","contentUrl":"https:\/\/fr.custplace.com\/business\/wp-content\/uploads\/2025\/01\/logo-custplace.png","width":600,"height":600,"caption":"Custplace"},"image":{"@id":"https:\/\/fr.custplace.com\/business\/#\/schema\/logo\/image\/"},"sameAs":["https:\/\/www.facebook.com\/custplace","https:\/\/x.com\/custplace","https:\/\/www.linkedin.com\/company\/custplace","https:\/\/www.instagram.com\/custplace","https:\/\/www.youtube.com\/@custplace\/"],"location":{"@type":"Place","name":"Custplace","address":{"@type":"PostalAddress","streetAddress":"125 Rue du Th\u00e9\u00e2tre","addressLocality":"Paris","addressRegion":"\u00cele-de-France","postalCode":"75015","addressCountry":"FR"},"geo":{"@type":"GeoCoordinates","latitude":"48.84576","longitude":"2.296451"}}}]}},"_links":{"self":[{"href":"https:\/\/be-nl.custplace.com\/business\/wp-json\/wp\/v2\/pages\/435","targetHints":{"allow":["GET"]}}],"collection":[{"href":"https:\/\/be-nl.custplace.com\/business\/wp-json\/wp\/v2\/pages"}],"about":[{"href":"https:\/\/be-nl.custplace.com\/business\/wp-json\/wp\/v2\/types\/page"}],"author":[{"embeddable":true,"href":"https:\/\/be-nl.custplace.com\/business\/wp-json\/wp\/v2\/users\/6"}],"replies":[{"embeddable":true,"href":"https:\/\/be-nl.custplace.com\/business\/wp-json\/wp\/v2\/comments?post=435"}],"version-history":[{"count":10,"href":"https:\/\/be-nl.custplace.com\/business\/wp-json\/wp\/v2\/pages\/435\/revisions"}],"predecessor-version":[{"id":25675,"href":"https:\/\/be-nl.custplace.com\/business\/wp-json\/wp\/v2\/pages\/435\/revisions\/25675"}],"wp:featuredmedia":[{"embeddable":true,"href":"https:\/\/be-nl.custplace.com\/business\/wp-json\/wp\/v2\/media\/23592"}],"wp:attachment":[{"href":"https:\/\/be-nl.custplace.com\/business\/wp-json\/wp\/v2\/media?parent=435"}],"curies":[{"name":"wp","href":"https:\/\/api.w.org\/{rel}","templated":true}]}}