{"id":773,"date":"2023-10-02T11:20:09","date_gmt":"2023-10-02T09:20:09","guid":{"rendered":"https:\/\/fr.custplace.com\/business\/?page_id=773"},"modified":"2025-10-27T16:32:40","modified_gmt":"2025-10-27T15:32:40","slug":"banque-assurance","status":"publish","type":"page","link":"https:\/\/fr.custplace.com\/business\/banque-assurance\/","title":{"rendered":"Banque et Assurance"},"content":{"rendered":"","protected":false},"excerpt":{"rendered":"","protected":false},"author":6,"featured_media":774,"parent":0,"menu_order":0,"comment_status":"closed","ping_status":"closed","template":"","meta":{"_acf_changed":false,"inline_featured_image":false,"footnotes":""},"class_list":["post-773","page","type-page","status-publish","has-post-thumbnail","hentry"],"acf":[],"yoast_head":"<!-- This site is optimized with the Yoast SEO plugin v27.1.1 - https:\/\/yoast.com\/product\/yoast-seo-wordpress\/ -->\n<title>Banque et Assurance &#8211; Custplace<\/title>\n<meta name=\"description\" content=\"Transformez la gestion de vos avis clients dans le secteur bancaire et assurance avec Custplace. D\u00e9couvrez comment optimiser votre r\u00e9putation en ligne !\" \/>\n<meta name=\"robots\" content=\"index, follow, max-snippet:-1, max-image-preview:large, max-video-preview:-1\" \/>\n<link rel=\"canonical\" href=\"https:\/\/fr.custplace.com\/business\/banque-assurance\/\" \/>\n<meta property=\"og:locale\" content=\"fr_FR\" \/>\n<meta property=\"og:type\" content=\"article\" \/>\n<meta property=\"og:title\" content=\"Banque et Assurance &#8211; Custplace\" \/>\n<meta property=\"og:description\" content=\"Transformez la gestion de vos avis clients dans le secteur bancaire et assurance avec Custplace. D\u00e9couvrez comment optimiser votre r\u00e9putation en ligne !\" \/>\n<meta property=\"og:url\" content=\"https:\/\/fr.custplace.com\/business\/banque-assurance\/\" \/>\n<meta property=\"og:site_name\" content=\"Custplace\" \/>\n<meta property=\"article:publisher\" content=\"https:\/\/www.facebook.com\/custplace\" \/>\n<meta property=\"article:modified_time\" content=\"2025-10-27T15:32:40+00:00\" \/>\n<meta property=\"og:image\" content=\"https:\/\/fr.custplace.com\/business\/wp-content\/uploads\/2024\/09\/ambscea-1.png\" \/>\n\t<meta property=\"og:image:width\" content=\"560\" \/>\n\t<meta property=\"og:image:height\" content=\"420\" \/>\n\t<meta property=\"og:image:type\" content=\"image\/png\" \/>\n<meta name=\"twitter:card\" content=\"summary_large_image\" \/>\n<meta name=\"twitter:site\" content=\"@custplace\" \/>\n<meta name=\"twitter:label1\" content=\"Dur\u00e9e de lecture estim\u00e9e\" \/>\n\t<meta name=\"twitter:data1\" content=\"1 minute\" \/>\n<script type=\"application\/ld+json\" class=\"yoast-schema-graph\">{\"@context\":\"https:\/\/schema.org\",\"@graph\":[{\"@type\":\"WebPage\",\"@id\":\"https:\/\/fr.custplace.com\/business\/banque-assurance\/\",\"url\":\"https:\/\/fr.custplace.com\/business\/banque-assurance\/\",\"name\":\"Banque et Assurance &#8211; Custplace\",\"isPartOf\":{\"@id\":\"https:\/\/fr.custplace.com\/business\/#website\"},\"primaryImageOfPage\":{\"@id\":\"https:\/\/fr.custplace.com\/business\/banque-assurance\/#primaryimage\"},\"image\":{\"@id\":\"https:\/\/fr.custplace.com\/business\/banque-assurance\/#primaryimage\"},\"thumbnailUrl\":\"https:\/\/fr.custplace.com\/business\/wp-content\/uploads\/2024\/09\/ambscea-1.png\",\"datePublished\":\"2023-10-02T09:20:09+00:00\",\"dateModified\":\"2025-10-27T15:32:40+00:00\",\"description\":\"Transformez la gestion de vos avis clients dans le secteur bancaire et assurance avec Custplace. D\u00e9couvrez comment optimiser votre r\u00e9putation en ligne !\",\"breadcrumb\":{\"@id\":\"https:\/\/fr.custplace.com\/business\/banque-assurance\/#breadcrumb\"},\"inLanguage\":\"fr-FR\",\"potentialAction\":[{\"@type\":\"ReadAction\",\"target\":[\"https:\/\/fr.custplace.com\/business\/banque-assurance\/\"]}]},{\"@type\":\"ImageObject\",\"inLanguage\":\"fr-FR\",\"@id\":\"https:\/\/fr.custplace.com\/business\/banque-assurance\/#primaryimage\",\"url\":\"https:\/\/fr.custplace.com\/business\/wp-content\/uploads\/2024\/09\/ambscea-1.png\",\"contentUrl\":\"https:\/\/fr.custplace.com\/business\/wp-content\/uploads\/2024\/09\/ambscea-1.png\",\"width\":560,\"height\":420,\"caption\":\"Banque et Assurance\"},{\"@type\":\"BreadcrumbList\",\"@id\":\"https:\/\/fr.custplace.com\/business\/banque-assurance\/#breadcrumb\",\"itemListElement\":[{\"@type\":\"ListItem\",\"position\":1,\"name\":\"Avis clients\",\"item\":\"https:\/\/fr.custplace.com\/\"},{\"@type\":\"ListItem\",\"position\":2,\"name\":\"Banque et Assurance\"}]},{\"@type\":\"WebSite\",\"@id\":\"https:\/\/fr.custplace.com\/#website\",\"url\":\"https:\/\/fr.custplace.com\/\",\"name\":\"Custplace\",\"description\":\"Votre plateforme de r\u00e9putation et de marketing local Tout-en-un\",\"publisher\":{\"@id\":\"https:\/\/fr.custplace.com\/#organization\"},\"potentialAction\":[{\"@type\":\"SearchAction\",\"target\":{\"@type\":\"EntryPoint\",\"urlTemplate\":\"https:\/\/fr.custplace.com\/business\/?s={search_term_string}\"},\"query-input\":{\"@type\":\"PropertyValueSpecification\",\"valueRequired\":true,\"valueName\":\"search_term_string\"}}],\"inLanguage\":\"fr-FR\"},{\"@type\":\"Organization\",\"@id\":\"https:\/\/fr.custplace.com\/#organization\",\"name\":\"Custplace\",\"alternateName\":\"Plateforme de r\u00e9putation et de marketing local Tout-en-un\",\"url\":\"https:\/\/fr.custplace.com\/\",\"logo\":{\"@type\":\"ImageObject\",\"inLanguage\":\"fr-FR\",\"@id\":\"https:\/\/fr.custplace.com\/business\/#\/schema\/logo\/image\/\",\"url\":\"https:\/\/fr.custplace.com\/business\/wp-content\/uploads\/2025\/01\/logo-custplace.png\",\"contentUrl\":\"https:\/\/fr.custplace.com\/business\/wp-content\/uploads\/2025\/01\/logo-custplace.png\",\"width\":600,\"height\":600,\"caption\":\"Custplace\"},\"image\":{\"@id\":\"https:\/\/fr.custplace.com\/business\/#\/schema\/logo\/image\/\"},\"sameAs\":[\"https:\/\/www.facebook.com\/custplace\",\"https:\/\/x.com\/custplace\",\"https:\/\/www.linkedin.com\/company\/custplace\",\"https:\/\/www.instagram.com\/custplace\",\"https:\/\/www.youtube.com\/@custplace\/\"],\"location\":{\"@type\":\"Place\",\"name\":\"Custplace\",\"address\":{\"@type\":\"PostalAddress\",\"streetAddress\":\"125 Rue du Th\u00e9\u00e2tre\",\"addressLocality\":\"Paris\",\"addressRegion\":\"\u00cele-de-France\",\"postalCode\":\"75015\",\"addressCountry\":\"FR\"},\"geo\":{\"@type\":\"GeoCoordinates\",\"latitude\":\"48.84576\",\"longitude\":\"2.296451\"}}}]}<\/script>\n<!-- \/ Yoast SEO plugin. -->","yoast_head_json":{"title":"Banque et Assurance &#8211; Custplace","description":"Transformez la gestion de vos avis clients dans le secteur bancaire et assurance avec Custplace. D\u00e9couvrez comment optimiser votre r\u00e9putation en ligne !","robots":{"index":"index","follow":"follow","max-snippet":"max-snippet:-1","max-image-preview":"max-image-preview:large","max-video-preview":"max-video-preview:-1"},"canonical":"https:\/\/fr.custplace.com\/business\/banque-assurance\/","og_locale":"fr_FR","og_type":"article","og_title":"Banque et Assurance &#8211; Custplace","og_description":"Transformez la gestion de vos avis clients dans le secteur bancaire et assurance avec Custplace. D\u00e9couvrez comment optimiser votre r\u00e9putation en ligne !","og_url":"https:\/\/fr.custplace.com\/business\/banque-assurance\/","og_site_name":"Custplace","article_publisher":"https:\/\/www.facebook.com\/custplace","article_modified_time":"2025-10-27T15:32:40+00:00","og_image":[{"width":560,"height":420,"url":"https:\/\/fr.custplace.com\/business\/wp-content\/uploads\/2024\/09\/ambscea-1.png","type":"image\/png"}],"twitter_card":"summary_large_image","twitter_site":"@custplace","twitter_misc":{"Dur\u00e9e de lecture estim\u00e9e":"1 minute"},"schema":{"@context":"https:\/\/schema.org","@graph":[{"@type":"WebPage","@id":"https:\/\/fr.custplace.com\/business\/banque-assurance\/","url":"https:\/\/fr.custplace.com\/business\/banque-assurance\/","name":"Banque et Assurance &#8211; Custplace","isPartOf":{"@id":"https:\/\/fr.custplace.com\/business\/#website"},"primaryImageOfPage":{"@id":"https:\/\/fr.custplace.com\/business\/banque-assurance\/#primaryimage"},"image":{"@id":"https:\/\/fr.custplace.com\/business\/banque-assurance\/#primaryimage"},"thumbnailUrl":"https:\/\/fr.custplace.com\/business\/wp-content\/uploads\/2024\/09\/ambscea-1.png","datePublished":"2023-10-02T09:20:09+00:00","dateModified":"2025-10-27T15:32:40+00:00","description":"Transformez la gestion de vos avis clients dans le secteur bancaire et assurance avec Custplace. D\u00e9couvrez comment optimiser votre r\u00e9putation en ligne !","breadcrumb":{"@id":"https:\/\/fr.custplace.com\/business\/banque-assurance\/#breadcrumb"},"inLanguage":"fr-FR","potentialAction":[{"@type":"ReadAction","target":["https:\/\/fr.custplace.com\/business\/banque-assurance\/"]}]},{"@type":"ImageObject","inLanguage":"fr-FR","@id":"https:\/\/fr.custplace.com\/business\/banque-assurance\/#primaryimage","url":"https:\/\/fr.custplace.com\/business\/wp-content\/uploads\/2024\/09\/ambscea-1.png","contentUrl":"https:\/\/fr.custplace.com\/business\/wp-content\/uploads\/2024\/09\/ambscea-1.png","width":560,"height":420,"caption":"Banque et Assurance"},{"@type":"BreadcrumbList","@id":"https:\/\/fr.custplace.com\/business\/banque-assurance\/#breadcrumb","itemListElement":[{"@type":"ListItem","position":1,"name":"Avis clients","item":"https:\/\/fr.custplace.com\/"},{"@type":"ListItem","position":2,"name":"Banque et Assurance"}]},{"@type":"WebSite","@id":"https:\/\/fr.custplace.com\/#website","url":"https:\/\/fr.custplace.com\/","name":"Custplace","description":"Votre plateforme de r\u00e9putation et de marketing local Tout-en-un","publisher":{"@id":"https:\/\/fr.custplace.com\/#organization"},"potentialAction":[{"@type":"SearchAction","target":{"@type":"EntryPoint","urlTemplate":"https:\/\/fr.custplace.com\/business\/?s={search_term_string}"},"query-input":{"@type":"PropertyValueSpecification","valueRequired":true,"valueName":"search_term_string"}}],"inLanguage":"fr-FR"},{"@type":"Organization","@id":"https:\/\/fr.custplace.com\/#organization","name":"Custplace","alternateName":"Plateforme de r\u00e9putation et de marketing local Tout-en-un","url":"https:\/\/fr.custplace.com\/","logo":{"@type":"ImageObject","inLanguage":"fr-FR","@id":"https:\/\/fr.custplace.com\/business\/#\/schema\/logo\/image\/","url":"https:\/\/fr.custplace.com\/business\/wp-content\/uploads\/2025\/01\/logo-custplace.png","contentUrl":"https:\/\/fr.custplace.com\/business\/wp-content\/uploads\/2025\/01\/logo-custplace.png","width":600,"height":600,"caption":"Custplace"},"image":{"@id":"https:\/\/fr.custplace.com\/business\/#\/schema\/logo\/image\/"},"sameAs":["https:\/\/www.facebook.com\/custplace","https:\/\/x.com\/custplace","https:\/\/www.linkedin.com\/company\/custplace","https:\/\/www.instagram.com\/custplace","https:\/\/www.youtube.com\/@custplace\/"],"location":{"@type":"Place","name":"Custplace","address":{"@type":"PostalAddress","streetAddress":"125 Rue du Th\u00e9\u00e2tre","addressLocality":"Paris","addressRegion":"\u00cele-de-France","postalCode":"75015","addressCountry":"FR"},"geo":{"@type":"GeoCoordinates","latitude":"48.84576","longitude":"2.296451"}}}]}},"_links":{"self":[{"href":"https:\/\/be-nl.custplace.com\/business\/wp-json\/wp\/v2\/pages\/773","targetHints":{"allow":["GET"]}}],"collection":[{"href":"https:\/\/be-nl.custplace.com\/business\/wp-json\/wp\/v2\/pages"}],"about":[{"href":"https:\/\/be-nl.custplace.com\/business\/wp-json\/wp\/v2\/types\/page"}],"author":[{"embeddable":true,"href":"https:\/\/be-nl.custplace.com\/business\/wp-json\/wp\/v2\/users\/6"}],"replies":[{"embeddable":true,"href":"https:\/\/be-nl.custplace.com\/business\/wp-json\/wp\/v2\/comments?post=773"}],"version-history":[{"count":10,"href":"https:\/\/be-nl.custplace.com\/business\/wp-json\/wp\/v2\/pages\/773\/revisions"}],"predecessor-version":[{"id":24190,"href":"https:\/\/be-nl.custplace.com\/business\/wp-json\/wp\/v2\/pages\/773\/revisions\/24190"}],"wp:featuredmedia":[{"embeddable":true,"href":"https:\/\/be-nl.custplace.com\/business\/wp-json\/wp\/v2\/media\/774"}],"wp:attachment":[{"href":"https:\/\/be-nl.custplace.com\/business\/wp-json\/wp\/v2\/media?parent=773"}],"curies":[{"name":"wp","href":"https:\/\/api.w.org\/{rel}","templated":true}]}}